{"id":299,"date":"2024-12-23T18:13:57","date_gmt":"2024-12-23T17:13:57","guid":{"rendered":"https:\/\/hamburgerbaumpflege.com\/?page_id=299"},"modified":"2025-01-04T12:34:15","modified_gmt":"2025-01-04T11:34:15","slug":"impressum","status":"publish","type":"page","link":"https:\/\/hamburgerbaumpflege.com\/?page_id=299","title":{"rendered":"Impressum"},"content":{"rendered":"<p>[et_pb_section admin_label=&#8220;section&#8220;]<br \/>\n\t\t\t[et_pb_row admin_label=&#8220;row&#8220;]<br \/>\n\t\t\t\t[et_pb_column type=&#8220;4_4&#8243;][et_pb_text admin_label=&#8220;Text&#8220;]Impressum<br \/>\nAngaben gem\u00e4\u00df \u00a7 5 DDG<br \/>\nHamburgerbaumpflege.com<br \/>\nPfefferstra\u00dfe 5<br \/>\n22143 Hamburg<br \/>\nVertreten durch:<br \/>\nGuido Stapelfeld<br \/>\nKontakt:<br \/>\nTelefon: 040 64861752<br \/>\nE-Mail: kontakt@hamburgerbaumpflege.com<\/p>\n<p>Haftungsausschluss:<br \/>\nHaftung f\u00fcr Inhalte<br \/>\nDie Inhalte unserer Seiten wurden mit gr\u00f6\u00dfter Sorgfalt erstellt. F\u00fcr die Richtigkeit, Vollst\u00e4ndigkeit<br \/>\nund Aktualit\u00e4t der Inhalte k\u00f6nnen wir jedoch keine Gew\u00e4hr \u00fcbernehmen. Als Diensteanbieter sind<br \/>\nwir gem\u00e4\u00df \u00a7 7 Abs.1 DDG f\u00fcr eigene Inhalte auf diesen Seiten nach den allgemeinen Gesetzen<br \/>\nverantwortlich. Nach \u00a7\u00a7 8 bis 10 DDG sind wir als Diensteanbieter jedoch nicht verpflichtet,<br \/>\n\u00fcbermittelte oder gespeicherte fremde Informationen zu \u00fcberwachen oder nach Umst\u00e4nden zu<br \/>\nforschen, die auf eine rechtswidrige T\u00e4tigkeit hinweisen. Verpflichtungen zur Entfernung oder<br \/>\nSperrung der Nutzung von Informationen nach den allgemeinen Gesetzen bleiben hiervon<br \/>\nunber\u00fchrt. Eine diesbez\u00fcgliche Haftung ist jedoch erst ab dem Zeitpunkt der Kenntnis einer<br \/>\nkonkreten Rechtsverletzung m\u00f6glich. Bei Bekanntwerden von entsprechenden Rechtsverletzungen<br \/>\nwerden wir diese Inhalte umgehend entfernen.<\/p>\n<p>Haftung f\u00fcr Links<br \/>\nUnser Angebot enth\u00e4lt Links zu externen Webseiten Dritter, auf deren Inhalte wir keinen Einfluss<br \/>\nhaben. Deshalb k\u00f6nnen wir f\u00fcr diese fremden Inhalte auch keine Gew\u00e4hr \u00fcbernehmen. F\u00fcr die<br \/>\nInhalte der verlinkten Seiten ist stets der jeweilige Anbieter oder Betreiber der Seiten<br \/>\nverantwortlich. Die verlinkten Seiten wurden zum Zeitpunkt der Verlinkung auf m\u00f6gliche<br \/>\nRechtsverst\u00f6\u00dfe \u00fcberpr\u00fcft. Rechtswidrige Inhalte waren zum Zeitpunkt der Verlinkung nicht<br \/>\nerkennbar. Eine permanente inhaltliche Kontrolle der verlinkten Seiten ist jedoch ohne konkrete<br \/>\nAnhaltspunkte einer Rechtsverletzung nicht zumutbar. Bei Bekanntwerden von Rechtsverletzungen<br \/>\nwerden wir derartige Links umgehend entfernen.<br \/>\nUrheberrecht<\/p>\n<p>Die durch die Seitenbetreiber erstellten Inhalte und Werke auf diesen Seiten unterliegen dem<br \/>\ndeutschen Urheberrecht. Die Vervielf\u00e4ltigung, Bearbeitung, Verbreitung und jede Art der<br \/>\nVerwertung au\u00dferhalb der Grenzen des Urheberrechtes bed\u00fcrfen der schriftlichen Zustimmung des<br \/>\njeweiligen Autors bzw. Erstellers. Downloads und Kopien dieser Seite sind nur f\u00fcr den privaten,<br \/>\nnicht kommerziellen Gebrauch gestattet. Soweit die Inhalte auf dieser Seite nicht vom Betreiber<br \/>\nerstellt wurden, werden die Urheberrechte Dritter beachtet. Insbesondere werden Inhalte Dritter als<br \/>\nsolche gekennzeichnet. Sollten Sie trotzdem auf eine Urheberrechtsverletzung aufmerksam werden,<br \/>\nbitten wir um einen entsprechenden Hinweis. Bei Bekanntwerden von Rechtsverletzungen werden<br \/>\nwir derartige Inhalte umgehend entfernen.<\/p>\n<p>Datenschutz<br \/>\nDie Nutzung unserer Webseite ist in der Regel ohne Angabe personenbezogener Daten m\u00f6glich.<br \/>\nSoweit auf unseren Seiten personenbezogene Daten (beispielsweise Name, Anschrift oder eMail-<br \/>\nAdressen) erhoben werden, erfolgt dies, soweit m\u00f6glich, stets auf freiwilliger Basis. Diese Daten<br \/>\nwerden ohne Ihre ausdr\u00fcckliche Zustimmung nicht an Dritte weitergegeben.<br \/>\nWir weisen darauf hin, dass die Daten\u00fcbertragung im Internet (z.B. bei der Kommunikation per E-<br \/>\nMail) Sicherheitsl\u00fccken aufweisen kann. Ein l\u00fcckenloser Schutz der Daten vor dem Zugriff durch<br \/>\nDritte ist nicht m\u00f6glich.<br \/>\nDer Nutzung von im Rahmen der Impressumspflicht ver\u00f6ffentlichten Kontaktdaten durch Dritte zur<br \/>\n\u00dcbersendung von nicht ausdr\u00fccklich angeforderter Werbung und Informationsmaterialien wird<br \/>\nhiermit ausdr\u00fccklich widersprochen. Die Betreiber der Seiten behalten sich ausdr\u00fccklich rechtliche<br \/>\nSchritte im Falle der unverlangten Zusendung von Werbeinformationen, etwa durch Spam-Mails,<br \/>\nvor.<\/p>\n<p>Google Analytics<br \/>\nDiese Website benutzt Google Analytics, einen Webanalysedienst der Google Inc. (&#8220;Google&#8220;).<br \/>\nGoogle Analytics verwendet sog. &#8220;Cookies&#8220;, Textdateien, die auf Ihrem Computer gespeichert<br \/>\nwerden und die eine Analyse der Benutzung der Website durch Sie erm\u00f6glicht. Die durch den<br \/>\nCookie erzeugten Informationen \u00fcber Ihre Benutzung dieser Website (einschlie\u00dflich Ihrer IP-<br \/>\nAdresse) wird an einen Server von Google in den USA \u00fcbertragen und dort gespeichert. Google<br \/>\nwird diese Informationen benutzen, um Ihre Nutzung der Website auszuwerten, um Reports \u00fcber die<br \/>\nWebsiteaktivit\u00e4ten f\u00fcr die Websitebetreiber zusammenzustellen und um weitere mit der<br \/>\nWebsitenutzung und der Internetnutzung verbundene Dienstleistungen zu erbringen. Auch wird<br \/>\nGoogle diese Informationen gegebenenfalls an Dritte \u00fcbertragen, sofern dies gesetzlich<br \/>\nvorgeschrieben oder soweit Dritte diese Daten im Auftrag von Google verarbeiten. Google wird in<br \/>\nkeinem Fall Ihre IP-Adresse mit anderen Daten der Google in Verbindung bringen. Sie k\u00f6nnen die<br \/>\nInstallation der Cookies durch eine entsprechende Einstellung Ihrer Browser Software verhindern;<br \/>\nwir weisen Sie jedoch darauf hin, dass Sie in diesem Fall gegebenenfalls nicht s\u00e4mtliche<br \/>\nFunktionen dieser Website voll umf\u00e4nglich nutzen k\u00f6nnen. Durch die Nutzung dieser Website<br \/>\nerkl\u00e4ren Sie sich mit der Bearbeitung der \u00fcber Sie erhobenen Daten durch Google in der zuvor<br \/>\nbeschriebenen Art und Weise und zu dem zuvor benannten Zweck einverstanden.<\/p>\n<p>Impressum vom Impressum Generator der Kanzlei Hasselbach, Bonn<br \/>\n[\/et_pb_text][\/et_pb_column]<br \/>\n\t\t\t[\/et_pb_row]<br \/>\n\t\t[\/et_pb_section]<\/p>\n","protected":false},"excerpt":{"rendered":"<p>Impressum Angaben gem\u00e4\u00df \u00a7 5 DDG Hamburgerbaumpflege.com Pfefferstra\u00dfe 5 22143 Hamburg Vertreten durch: Guido Stapelfeld Kontakt: Telefon: 040 64861752 E-Mail: kontakt@hamburgerbaumpflege.com Haftungsausschluss: Haftung f\u00fcr Inhalte Die Inhalte unserer Seiten wurden mit gr\u00f6\u00dfter Sorgfalt erstellt. F\u00fcr die Richtigkeit, Vollst\u00e4ndigkeit und Aktualit\u00e4t der Inhalte k\u00f6nnen wir jedoch keine Gew\u00e4hr \u00fcbernehmen. Als Diensteanbieter sind wir gem\u00e4\u00df \u00a7 7 [&hellip;]<\/p>\n","protected":false},"author":1,"featured_media":0,"parent":0,"menu_order":0,"comment_status":"closed","ping_status":"closed","template":"","meta":{"_et_pb_use_builder":"on","_et_pb_old_content":"Impressum\r\nAngaben gem\u00e4\u00df \u00a7 5 DDG\r\nHamburgerbaumpflege.com\r\nPfefferstra\u00dfe 5\r\n22143 Hamburg\r\nVertreten durch:\r\nGuido Stapelfeld\r\nKontakt:\r\nTelefon: 040 64861752\r\nE-Mail: kontakt@hamburgerbaumpflege.com\r\n\r\nHaftungsausschluss:\r\nHaftung f\u00fcr Inhalte\r\nDie Inhalte unserer Seiten wurden mit gr\u00f6\u00dfter Sorgfalt erstellt. F\u00fcr die Richtigkeit, Vollst\u00e4ndigkeit\r\nund Aktualit\u00e4t der Inhalte k\u00f6nnen wir jedoch keine Gew\u00e4hr \u00fcbernehmen. Als Diensteanbieter sind\r\nwir gem\u00e4\u00df \u00a7 7 Abs.1 DDG f\u00fcr eigene Inhalte auf diesen Seiten nach den allgemeinen Gesetzen\r\nverantwortlich. Nach \u00a7\u00a7 8 bis 10 DDG sind wir als Diensteanbieter jedoch nicht verpflichtet,\r\n\u00fcbermittelte oder gespeicherte fremde Informationen zu \u00fcberwachen oder nach Umst\u00e4nden zu\r\nforschen, die auf eine rechtswidrige T\u00e4tigkeit hinweisen. Verpflichtungen zur Entfernung oder\r\nSperrung der Nutzung von Informationen nach den allgemeinen Gesetzen bleiben hiervon\r\nunber\u00fchrt. Eine diesbez\u00fcgliche Haftung ist jedoch erst ab dem Zeitpunkt der Kenntnis einer\r\nkonkreten Rechtsverletzung m\u00f6glich. Bei Bekanntwerden von entsprechenden Rechtsverletzungen\r\nwerden wir diese Inhalte umgehend entfernen.\r\n\r\nHaftung f\u00fcr Links\r\nUnser Angebot enth\u00e4lt Links zu externen Webseiten Dritter, auf deren Inhalte wir keinen Einfluss\r\nhaben. Deshalb k\u00f6nnen wir f\u00fcr diese fremden Inhalte auch keine Gew\u00e4hr \u00fcbernehmen. F\u00fcr die\r\nInhalte der verlinkten Seiten ist stets der jeweilige Anbieter oder Betreiber der Seiten\r\nverantwortlich. Die verlinkten Seiten wurden zum Zeitpunkt der Verlinkung auf m\u00f6gliche\r\nRechtsverst\u00f6\u00dfe \u00fcberpr\u00fcft. Rechtswidrige Inhalte waren zum Zeitpunkt der Verlinkung nicht\r\nerkennbar. Eine permanente inhaltliche Kontrolle der verlinkten Seiten ist jedoch ohne konkrete\r\nAnhaltspunkte einer Rechtsverletzung nicht zumutbar. Bei Bekanntwerden von Rechtsverletzungen\r\nwerden wir derartige Links umgehend entfernen.\r\nUrheberrecht\r\n\r\nDie durch die Seitenbetreiber erstellten Inhalte und Werke auf diesen Seiten unterliegen dem\r\ndeutschen Urheberrecht. Die Vervielf\u00e4ltigung, Bearbeitung, Verbreitung und jede Art der\r\nVerwertung au\u00dferhalb der Grenzen des Urheberrechtes bed\u00fcrfen der schriftlichen Zustimmung des\r\njeweiligen Autors bzw. Erstellers. Downloads und Kopien dieser Seite sind nur f\u00fcr den privaten,\r\nnicht kommerziellen Gebrauch gestattet. Soweit die Inhalte auf dieser Seite nicht vom Betreiber\r\nerstellt wurden, werden die Urheberrechte Dritter beachtet. Insbesondere werden Inhalte Dritter als\r\nsolche gekennzeichnet. Sollten Sie trotzdem auf eine Urheberrechtsverletzung aufmerksam werden,\r\nbitten wir um einen entsprechenden Hinweis. Bei Bekanntwerden von Rechtsverletzungen werden\r\nwir derartige Inhalte umgehend entfernen.\r\n\r\nDatenschutz\r\nDie Nutzung unserer Webseite ist in der Regel ohne Angabe personenbezogener Daten m\u00f6glich.\r\nSoweit auf unseren Seiten personenbezogene Daten (beispielsweise Name, Anschrift oder eMail-\r\nAdressen) erhoben werden, erfolgt dies, soweit m\u00f6glich, stets auf freiwilliger Basis. Diese Daten\r\nwerden ohne Ihre ausdr\u00fcckliche Zustimmung nicht an Dritte weitergegeben.\r\nWir weisen darauf hin, dass die Daten\u00fcbertragung im Internet (z.B. bei der Kommunikation per E-\r\nMail) Sicherheitsl\u00fccken aufweisen kann. Ein l\u00fcckenloser Schutz der Daten vor dem Zugriff durch\r\nDritte ist nicht m\u00f6glich.\r\nDer Nutzung von im Rahmen der Impressumspflicht ver\u00f6ffentlichten Kontaktdaten durch Dritte zur\r\n\u00dcbersendung von nicht ausdr\u00fccklich angeforderter Werbung und Informationsmaterialien wird\r\nhiermit ausdr\u00fccklich widersprochen. Die Betreiber der Seiten behalten sich ausdr\u00fccklich rechtliche\r\nSchritte im Falle der unverlangten Zusendung von Werbeinformationen, etwa durch Spam-Mails,\r\nvor.\r\n\r\nGoogle Analytics\r\nDiese Website benutzt Google Analytics, einen Webanalysedienst der Google Inc. (''Google'').\r\nGoogle Analytics verwendet sog. ''Cookies'', Textdateien, die auf Ihrem Computer gespeichert\r\nwerden und die eine Analyse der Benutzung der Website durch Sie erm\u00f6glicht. Die durch den\r\nCookie erzeugten Informationen \u00fcber Ihre Benutzung dieser Website (einschlie\u00dflich Ihrer IP-\r\nAdresse) wird an einen Server von Google in den USA \u00fcbertragen und dort gespeichert. Google\r\nwird diese Informationen benutzen, um Ihre Nutzung der Website auszuwerten, um Reports \u00fcber die\r\nWebsiteaktivit\u00e4ten f\u00fcr die Websitebetreiber zusammenzustellen und um weitere mit der\r\nWebsitenutzung und der Internetnutzung verbundene Dienstleistungen zu erbringen. Auch wird\r\nGoogle diese Informationen gegebenenfalls an Dritte \u00fcbertragen, sofern dies gesetzlich\r\nvorgeschrieben oder soweit Dritte diese Daten im Auftrag von Google verarbeiten. Google wird in\r\nkeinem Fall Ihre IP-Adresse mit anderen Daten der Google in Verbindung bringen. Sie k\u00f6nnen die\r\nInstallation der Cookies durch eine entsprechende Einstellung Ihrer Browser Software verhindern;\r\nwir weisen Sie jedoch darauf hin, dass Sie in diesem Fall gegebenenfalls nicht s\u00e4mtliche\r\nFunktionen dieser Website voll umf\u00e4nglich nutzen k\u00f6nnen. Durch die Nutzung dieser Website\r\nerkl\u00e4ren Sie sich mit der Bearbeitung der \u00fcber Sie erhobenen Daten durch Google in der zuvor\r\nbeschriebenen Art und Weise und zu dem zuvor benannten Zweck einverstanden.\r\n\r\nImpressum vom Impressum Generator der Kanzlei Hasselbach, Bonn\r\n","_et_gb_content_width":"","footnotes":""},"class_list":["post-299","page","type-page","status-publish","hentry"],"_links":{"self":[{"href":"https:\/\/hamburgerbaumpflege.com\/index.php?rest_route=\/wp\/v2\/pages\/299","targetHints":{"allow":["GET"]}}],"collection":[{"href":"https:\/\/hamburgerbaumpflege.com\/index.php?rest_route=\/wp\/v2\/pages"}],"about":[{"href":"https:\/\/hamburgerbaumpflege.com\/index.php?rest_route=\/wp\/v2\/types\/page"}],"author":[{"embeddable":true,"href":"https:\/\/hamburgerbaumpflege.com\/index.php?rest_route=\/wp\/v2\/users\/1"}],"replies":[{"embeddable":true,"href":"https:\/\/hamburgerbaumpflege.com\/index.php?rest_route=%2Fwp%2Fv2%2Fcomments&post=299"}],"version-history":[{"count":2,"href":"https:\/\/hamburgerbaumpflege.com\/index.php?rest_route=\/wp\/v2\/pages\/299\/revisions"}],"predecessor-version":[{"id":348,"href":"https:\/\/hamburgerbaumpflege.com\/index.php?rest_route=\/wp\/v2\/pages\/299\/revisions\/348"}],"wp:attachment":[{"href":"https:\/\/hamburgerbaumpflege.com\/index.php?rest_route=%2Fwp%2Fv2%2Fmedia&parent=299"}],"curies":[{"name":"wp","href":"https:\/\/api.w.org\/{rel}","templated":true}]}}