{"id":189,"date":"2024-12-02T13:22:31","date_gmt":"2024-12-02T12:22:31","guid":{"rendered":"https:\/\/hamburgerbaumpflege.com\/?page_id=189"},"modified":"2024-12-02T13:22:31","modified_gmt":"2024-12-02T12:22:31","slug":"kontakt","status":"publish","type":"page","link":"https:\/\/hamburgerbaumpflege.com\/?page_id=189","title":{"rendered":"Kontakt"},"content":{"rendered":"<p>[et_pb_section fb_built=&#8220;1&#8243; admin_label=&#8220;Hero&#8220; _builder_version=&#8220;4.24.3&#8243; _module_preset=&#8220;_module_preset=&#8220; background_image=&#8220;https:\/\/images.unsplash.com\/photo-1501084291732-13b1ba8f0ebc?ixid=M3w1ODkyNzF8MHwxfHNlYXJjaHw3fHx0cmVlJTIwY2FyZSUyMHByb2Zlc3Npb25hbHxlbnwwfDB8fHwxNzMzMTM5NTc4fDA&#038;ixlib=rb-4.0.3&#038;fm=webp&#038;fit=crop&#038;crop=entropy&#038;w=1920&#038;h=1080&#038;q=20&#038;dpr=2&#8243; custom_padding=&#8220;8vw||3vw||false|false&#8220; bottom_divider_style=&#8220;slant&#8220; bottom_divider_height=&#8220;10vw&#8220; bottom_divider_flip=&#8220;horizontal&#8220; hover_enabled=&#8220;0&#8243; locked=&#8220;off&#8220; template_type=&#8220;section&#8220; collapsed=&#8220;on&#8220; global_colors_info=&#8220;{}&#8220;][et_pb_row column_structure=&#8220;1_2,1_2&#8243; _builder_version=&#8220;4.18.0&#8243; _module_preset=&#8220;5138c454-be54-4233-bd3b-f8e6a8747976&#8243; hover_enabled=&#8220;0&#8243; locked=&#8220;off&#8220; global_colors_info=&#8220;{}&#8220;][et_pb_column type=&#8220;1_2&#8243; _builder_version=&#8220;4.16&#8243; _module_preset=&#8220;73121f80-a3ef-4484-8763-c3f18e3c56d2&#8243; hover_enabled=&#8220;0&#8243; global_colors_info=&#8220;{}&#8220;][et_pb_heading title=&#8220;Kontaktieren Sie uns f\u00fcr professionelle Baumpflege&#8220; _builder_version=&#8220;4.24.2&#8243; _module_preset=&#8220;f0c675ea-2574-4d0e-b725-30f8550a8550&#8243; title_text_color=&#8220;#FFFFFF&#8220; hover_enabled=&#8220;0&#8243; locked=&#8220;off&#8220; global_colors_info=&#8220;{}&#8220;][\/et_pb_heading][et_pb_heading title=&#8220;Ihr Partner f\u00fcr sichere und zuverl\u00e4ssige Baumarbeiten&#8220; _builder_version=&#8220;4.24.2&#8243; _module_preset=&#8220;ddeb8c09-9078-4424-bc15-2efb6572e28e&#8220; title_text_color=&#8220;#FFFFFF&#8220; hover_enabled=&#8220;0&#8243; locked=&#8220;off&#8220; global_colors_info=&#8220;{}&#8220;][\/et_pb_heading][et_pb_text _builder_version=&#8220;4.24.2&#8243; _module_preset=&#8220;0504de1e-f5ff-4281-ba60-cbbe4edf98bc&#8220; hover_enabled=&#8220;0&#8243; locked=&#8220;off&#8220; global_colors_info=&#8220;{}&#8220;]<\/p>\n<p>Erfahren Sie mehr \u00fcber unsere umfassenden Dienstleistungen in der Baumpflege und wie wir Ihnen helfen k\u00f6nnen, Ihre B\u00e4ume gesund und sicher zu halten.<\/p>\n<p>[\/et_pb_text][et_pb_button button_text=&#8220;Mehr erfahren&#8220; _builder_version=&#8220;4.24.3&#8243; _module_preset=&#8220;ab15fb74-61a3-43aa-96b3-41e09aeef654&#8243; hover_enabled=&#8220;0&#8243; locked=&#8220;off&#8220; global_colors_info=&#8220;{}&#8220;][\/et_pb_button][\/et_pb_column][et_pb_column type=&#8220;1_2&#8243; _builder_version=&#8220;4.16&#8243; _module_preset=&#8220;73121f80-a3ef-4484-8763-c3f18e3c56d2&#8243; hover_enabled=&#8220;0&#8243; global_colors_info=&#8220;{}&#8220;][et_pb_image src=&#8220;https:\/\/images.unsplash.com\/photo-1444492696363-332accfd40c0?ixid=M3w1ODkyNzF8MHwxfHNlYXJjaHwxfHx0cmVlJTIwcmVtb3ZhbCUyMHNlcnZpY2V8ZW58MHwxfHx8MTczMzE0MjEwNHww&#038;ixlib=rb-4.0.3&#038;fm=webp&#038;fit=crop&#038;crop=entropy&#038;w=800&#038;h=1080&#038;q=20&#038;dpr=2&#8243; title_text=&#8220;800&#215;1080&#8243; _builder_version=&#8220;4.25.2&#8243; _module_preset=&#8220;1cc6152f-565c-4c4d-b0c9-cf8c9576c341&#8243; hover_enabled=&#8220;0&#8243; box_shadow_style=&#8220;preset4&#8243; box_shadow_horizontal=&#8220;0px&#8220; box_shadow_vertical=&#8220;24px&#8220; box_shadow_blur=&#8220;72px&#8220; box_shadow_spread=&#8220;-12px&#8220; locked=&#8220;off&#8220; global_colors_info=&#8220;{}&#8220;][\/et_pb_image][\/et_pb_column][\/et_pb_row][\/et_pb_section][et_pb_section fb_built=&#8220;1&#8243; admin_label=&#8220;Contact Info&#8220; _builder_version=&#8220;4.25.1&#8243; _module_preset=&#8220;default&#8220; hover_enabled=&#8220;0&#8243; template_type=&#8220;section&#8220; collapsed=&#8220;on&#8220; global_colors_info=&#8220;{}&#8220;][et_pb_row column_structure=&#8220;1_3,1_3,1_3&#8243; make_equal=&#8220;on&#8220; _builder_version=&#8220;4.25.1&#8243; _module_preset=&#8220;default&#8220; hover_enabled=&#8220;0&#8243; global_colors_info=&#8220;{}&#8220;][et_pb_column type=&#8220;1_3&#8243; _builder_version=&#8220;4.25.1&#8243; _module_preset=&#8220;default&#8220; hover_enabled=&#8220;0&#8243; global_colors_info=&#8220;{}&#8220;][et_pb_blurb title=&#8220;Phone&#8220; module_class=&#8220;ai_ignore_all&#8220; _builder_version=&#8220;4.25.1&#8243; _module_preset=&#8220;203c76fc-aee0-4484-9be1-f0e2ebd81a8f&#8220; hover_enabled=&#8220;0&#8243; global_colors_info=&#8220;{}&#8220;]<\/p>\n<p>040 64861752<\/p>\n<p>[\/et_pb_blurb][\/et_pb_column][et_pb_column type=&#8220;1_3&#8243; _builder_version=&#8220;4.25.1&#8243; _module_preset=&#8220;default&#8220; hover_enabled=&#8220;0&#8243; global_colors_info=&#8220;{}&#8220;][et_pb_blurb title=&#8220;Email&#8220; module_class=&#8220;ai_ignore_all&#8220; _builder_version=&#8220;4.25.1&#8243; _module_preset=&#8220;203c76fc-aee0-4484-9be1-f0e2ebd81a8f&#8220; hover_enabled=&#8220;0&#8243; locked=&#8220;off&#8220; global_colors_info=&#8220;{}&#8220;]<\/p>\n<p><a href=\"mailto:#\">g.stapelfeld@hamburger-baumpflege.de<\/a><\/p>\n<p>[\/et_pb_blurb][\/et_pb_column][et_pb_column type=&#8220;1_3&#8243; _builder_version=&#8220;4.25.1&#8243; _module_preset=&#8220;default&#8220; hover_enabled=&#8220;0&#8243; global_colors_info=&#8220;{}&#8220;][et_pb_blurb title=&#8220;Address&#8220; module_class=&#8220;ai_ignore_all&#8220; _builder_version=&#8220;4.25.1&#8243; _module_preset=&#8220;212b201d-2c34-41bd-936c-851b7357d08b&#8220; hover_enabled=&#8220;0&#8243; locked=&#8220;off&#8220; global_colors_info=&#8220;{}&#8220;]<\/p>\n<p>G. Stapelfeld, Hamburger Baumpflege, 1234 Divi St. #1000, San Francisco, CA 94220<\/p>\n<p>[\/et_pb_blurb][\/et_pb_column][\/et_pb_row][\/et_pb_section][et_pb_section fb_built=&#8220;1&#8243; admin_label=&#8220;Call to Action&#8220; _builder_version=&#8220;4.23.1&#8243; _module_preset=&#8220;default&#8220; use_background_color_gradient=&#8220;on&#8220; background_color_gradient_stops=&#8220;rgba(0,0,0,0.75) 0%|rgba(0,0,0,0.75) 100%&#8220; background_color_gradient_overlays_image=&#8220;on&#8220; background_image=&#8220;https:\/\/images.unsplash.com\/photo-1437964706703-40b90bdf563b?ixid=M3w1ODkyNzF8MHwxfHNlYXJjaHw2fHx0cmVlJTIwbWFpbnRlbmFuY2UlMjB0b29sc3xlbnwwfDB8fHwxNzMzMTQyMTA0fDA&#038;ixlib=rb-4.0.3&#038;fm=webp&#038;fit=crop&#038;crop=entropy&#038;w=1920&#038;h=1080&#038;q=20&#038;dpr=2&#8243; custom_padding=&#8220;8vw||8vw||true|false&#8220; hover_enabled=&#8220;0&#8243; locked=&#8220;off&#8220; template_type=&#8220;section&#8220; collapsed=&#8220;on&#8220; global_colors_info=&#8220;{%22gcid-36fd78a7-34bc-404d-873c-dafa34efaae5%22:%91%22button_text_color%22%93}&#8220;][et_pb_row _builder_version=&#8220;4.23.1&#8243; _module_preset=&#8220;5138c454-be54-4233-bd3b-f8e6a8747976&#8243; width=&#8220;70%&#8220; max_width=&#8220;none&#8220; hover_enabled=&#8220;0&#8243; global_colors_info=&#8220;{}&#8220;][et_pb_column type=&#8220;4_4&#8243; _builder_version=&#8220;4.17.6&#8243; _module_preset=&#8220;73121f80-a3ef-4484-8763-c3f18e3c56d2&#8243; hover_enabled=&#8220;0&#8243; global_colors_info=&#8220;{}&#8220;][et_pb_heading title=&#8220;Kontaktieren Sie uns f\u00fcr ein unverbindliches Angebot&#8220; _builder_version=&#8220;4.24.2&#8243; _module_preset=&#8220;ddeb8c09-9078-4424-bc15-2efb6572e28e&#8220; title_text_align=&#8220;center&#8220; title_text_color=&#8220;#FFFFFF&#8220; hover_enabled=&#8220;0&#8243; global_colors_info=&#8220;{}&#8220;][\/et_pb_heading][et_pb_button button_text=&#8220;Jetzt anfragen&#8220; button_alignment=&#8220;center&#8220; _builder_version=&#8220;4.24.3&#8243; _module_preset=&#8220;ab15fb74-61a3-43aa-96b3-41e09aeef654&#8243; hover_enabled=&#8220;0&#8243; locked=&#8220;off&#8220; global_colors_info=&#8220;{}&#8220;][\/et_pb_button][\/et_pb_column][\/et_pb_row][\/et_pb_section][et_pb_section fb_built=&#8220;1&#8243; admin_label=&#8220;About&#8220; _builder_version=&#8220;4.25.1&#8243; _module_preset=&#8220;default&#8220; hover_enabled=&#8220;0&#8243; template_type=&#8220;section&#8220; collapsed=&#8220;on&#8220; global_colors_info=&#8220;{}&#8220;][et_pb_row column_structure=&#8220;1_2,1_2&#8243; _builder_version=&#8220;4.25.1&#8243; _module_preset=&#8220;048d8e79-b07f-439b-bd57-f41c14f0a56b&#8220; hover_enabled=&#8220;0&#8243; global_colors_info=&#8220;{}&#8220;][et_pb_column type=&#8220;1_2&#8243; _builder_version=&#8220;4.25.1&#8243; _module_preset=&#8220;default&#8220; hover_enabled=&#8220;0&#8243; global_colors_info=&#8220;{}&#8220;][et_pb_image src=&#8220;https:\/\/images.unsplash.com\/photo-1511406818640-48d788a5c870?ixid=M3w1ODkyNzF8MHwxfHNlYXJjaHwxMHx8dHJlZSUyMGV4cGVydCUyMGNvbnN1bHRhdGlvbnxlbnwwfDJ8fHwxNzMzMTQyMTA0fDA&#038;ixlib=rb-4.0.3&#038;fm=webp&#038;fit=crop&#038;crop=entropy&#038;w=800&#038;h=800&#038;q=20&#038;dpr=2&#8243; title_text=&#8220;800&#215;800&#8243; _builder_version=&#8220;4.25.1&#8243; _module_preset=&#8220;default&#8220; hover_enabled=&#8220;0&#8243; global_colors_info=&#8220;{}&#8220;][\/et_pb_image][\/et_pb_column][et_pb_column type=&#8220;1_2&#8243; _builder_version=&#8220;4.25.1&#8243; _module_preset=&#8220;default&#8220; hover_enabled=&#8220;0&#8243; global_colors_info=&#8220;{}&#8220;][et_pb_heading title=&#8220;\u00dcber Uns&#8220; _builder_version=&#8220;4.25.1&#8243; _module_preset=&#8220;c33f07d9-41e0-421a-8799-5799df695cce&#8220; hover_enabled=&#8220;0&#8243; global_colors_info=&#8220;{}&#8220;][\/et_pb_heading][et_pb_text _builder_version=&#8220;4.25.1&#8243; _module_preset=&#8220;2c55a9c4-feed-423b-9edb-ae0b5b365cac&#8220; hover_enabled=&#8220;0&#8243; global_colors_info=&#8220;{}&#8220;]Hamburger Baumpflege ist seit \u00fcber 20 Jahren ein f\u00fchrendes Unternehmen in der Baumpflegebranche. Wir bieten umfassende Dienstleistungen wie Baumf\u00e4llung, Baumpflege, Baumgutachten und Baumentsorgung an. Unser erfahrenes Team nutzt modernste Seilklettertechnik, um auch in schwierigen Situationen sicher und effizient zu arbeiten. Unser Ziel ist es, die Gesundheit und Sch\u00f6nheit der B\u00e4ume in Hamburg und Umgebung zu bewahren und gleichzeitig die Sicherheit unserer Kunden zu gew\u00e4hrleisten.[\/et_pb_text][et_pb_button button_text=&#8220;Mehr Erfahren&#8220; _builder_version=&#8220;4.25.1&#8243; _module_preset=&#8220;1bffc0fc-42a0-49d1-bd9a-ae3ade2d7206&#8243; hover_enabled=&#8220;0&#8243; global_colors_info=&#8220;{}&#8220;][\/et_pb_button][\/et_pb_column][\/et_pb_row][\/et_pb_section][et_pb_section fb_built=&#8220;1&#8243; admin_label=&#8220;Testimonials&#8220; _builder_version=&#8220;4.24.3&#8243; _module_preset=&#8220;default&#8220; background_color=&#8220;gcid-primary-color&#8220; hover_enabled=&#8220;0&#8243; locked=&#8220;off&#8220; template_type=&#8220;section&#8220; collapsed=&#8220;on&#8220; global_colors_info=&#8220;{%22gcid-primary-color%22:%91%22background_color%22%93}&#8220;][et_pb_row _builder_version=&#8220;4.18.0&#8243; _module_preset=&#8220;5138c454-be54-4233-bd3b-f8e6a8747976&#8243; hover_enabled=&#8220;0&#8243; global_colors_info=&#8220;{}&#8220;][et_pb_column type=&#8220;4_4&#8243; _builder_version=&#8220;4.17.3&#8243; _module_preset=&#8220;73121f80-a3ef-4484-8763-c3f18e3c56d2&#8243; hover_enabled=&#8220;0&#8243; global_colors_info=&#8220;{}&#8220;][et_pb_heading title=&#8220;Kundenstimmen&#8220; _builder_version=&#8220;4.24.2&#8243; _module_preset=&#8220;c33f07d9-41e0-421a-8799-5799df695cce&#8220; title_text_color=&#8220;#FFFFFF&#8220; hover_enabled=&#8220;0&#8243; locked=&#8220;off&#8220; global_colors_info=&#8220;{}&#8220;][\/et_pb_heading][\/et_pb_column][\/et_pb_row][et_pb_row column_structure=&#8220;1_4,3_4&#8243; _builder_version=&#8220;4.24.3&#8243; _module_preset=&#8220;c9cfaba2-2263-4f35-8227-8d16ca8bd1cc&#8220; custom_margin=&#8220;||60px||false|false&#8220; hover_enabled=&#8220;0&#8243; global_colors_info=&#8220;{%22gcid-7cadd8b3-5228-48e4-90c4-212d09232f7b%22:%91%22color%22,%22color%22%93,%22gcid-36fd78a7-34bc-404d-873c-dafa34efaae5%22:%91%22button_text_color%22,%22button_text_color%22,%22button_text_color%22,%22button_text_color%22,%22button_text_color%22,%22button_text_color%22,%22button_text_color%22,%22button_text_color%22,%22button_text_color%22,%22button_text_color%22,%22button_text_color%22,%22button_text_color%22,%22button_text_color%22%93}&#8220; box_shadow_color__hover_enabled=&#8220;off|hover&#8220;][et_pb_column type=&#8220;1_4&#8243; _builder_version=&#8220;4.16.1&#8243; _module_preset=&#8220;73121f80-a3ef-4484-8763-c3f18e3c56d2&#8243; hover_enabled=&#8220;0&#8243; global_colors_info=&#8220;{}&#8220;][et_pb_image src=&#8220;https:\/\/premadesections.divi.support\/premade\/wp-content\/uploads\/sites\/4\/2024\/04\/new-portrait-12-800&#215;800-1.jpg&#8220; title_text=&#8220;new-portrait-12-800&#215;800&#8243; _builder_version=&#8220;4.24.3&#8243; _module_preset=&#8220;6ed8fd5c-62c5-4100-98c3-7b8b6d2c2ee6&#8243; hover_enabled=&#8220;0&#8243; global_colors_info=&#8220;{}&#8220;][\/et_pb_image][\/et_pb_column][et_pb_column type=&#8220;3_4&#8243; _builder_version=&#8220;4.16.1&#8243; _module_preset=&#8220;73121f80-a3ef-4484-8763-c3f18e3c56d2&#8243; hover_enabled=&#8220;0&#8243; global_colors_info=&#8220;{}&#8220;][et_pb_text _builder_version=&#8220;4.24.3&#8243; _module_preset=&#8220;ca5459fa-2abd-4000-9b59-3cb483bcc17e&#8220; text_font=&#8220;&#8211;et_global_body_font|700|||||||&#8220; text_text_color=&#8220;gcid-heading-color&#8220; hover_enabled=&#8220;0&#8243; locked=&#8220;off&#8220; global_colors_info=&#8220;{%22gcid-primary-color%22:%91%22link_text_color%22,%22link_text_color%22%93,%22gcid-heading-color%22:%91%22header_text_color%22,%22header_4_text_color%22,%22header_3_text_color%22,%22header_2_text_color%22,%22header_5_text_color%22,%22header_6_text_color%22,%22quote_text_color%22,%22text_text_color%22%93,%22gcid-secondary-color%22:%91%22quote_border_color%22,%22quote_border_color%22%93}&#8220;]<\/p>\n<p>\u201eDank Hamburger Baumpflege sieht unser Garten wieder wundersch\u00f6n aus. Die Arbeit war schnell und professionell!\u201c<\/p>\n<p>[\/et_pb_text][et_pb_text _builder_version=&#8220;4.24.2&#8243; _module_preset=&#8220;2c55a9c4-feed-423b-9edb-ae0b5b365cac&#8220; hover_enabled=&#8220;0&#8243; locked=&#8220;off&#8220; global_colors_info=&#8220;{}&#8220;]<\/p>\n<p>Anna M\u00fcller<\/p>\n<p>[\/et_pb_text][\/et_pb_column][\/et_pb_row][et_pb_row column_structure=&#8220;1_4,3_4&#8243; _builder_version=&#8220;4.24.3&#8243; _module_preset=&#8220;c9cfaba2-2263-4f35-8227-8d16ca8bd1cc&#8220; hover_enabled=&#8220;0&#8243; global_colors_info=&#8220;{%22gcid-7cadd8b3-5228-48e4-90c4-212d09232f7b%22:%91%22color%22%93,%22gcid-36fd78a7-34bc-404d-873c-dafa34efaae5%22:%91%22button_text_color%22%93}&#8220;][et_pb_column type=&#8220;1_4&#8243; _builder_version=&#8220;4.16.1&#8243; _module_preset=&#8220;73121f80-a3ef-4484-8763-c3f18e3c56d2&#8243; hover_enabled=&#8220;0&#8243; global_colors_info=&#8220;{}&#8220;][et_pb_image src=&#8220;https:\/\/premadesections.divi.support\/premade\/wp-content\/uploads\/sites\/4\/2024\/04\/new-portrait-8-800&#215;800-1.jpg&#8220; title_text=&#8220;new-portrait-8-800&#215;800&#8243; _builder_version=&#8220;4.24.3&#8243; _module_preset=&#8220;6ed8fd5c-62c5-4100-98c3-7b8b6d2c2ee6&#8243; hover_enabled=&#8220;0&#8243; global_colors_info=&#8220;{}&#8220;][\/et_pb_image][\/et_pb_column][et_pb_column type=&#8220;3_4&#8243; _builder_version=&#8220;4.16.1&#8243; _module_preset=&#8220;73121f80-a3ef-4484-8763-c3f18e3c56d2&#8243; hover_enabled=&#8220;0&#8243; global_colors_info=&#8220;{}&#8220;][et_pb_text _builder_version=&#8220;4.24.3&#8243; _module_preset=&#8220;ca5459fa-2abd-4000-9b59-3cb483bcc17e&#8220; text_font=&#8220;&#8211;et_global_body_font|700|||||||&#8220; text_text_color=&#8220;gcid-heading-color&#8220; hover_enabled=&#8220;0&#8243; locked=&#8220;off&#8220; global_colors_info=&#8220;{%22gcid-primary-color%22:%91%22link_text_color%22,%22link_text_color%22%93,%22gcid-heading-color%22:%91%22header_text_color%22,%22header_4_text_color%22,%22header_3_text_color%22,%22header_2_text_color%22,%22header_5_text_color%22,%22header_6_text_color%22,%22quote_text_color%22,%22text_text_color%22%93,%22gcid-secondary-color%22:%91%22quote_border_color%22,%22quote_border_color%22%93}&#8220;]<\/p>\n<p>\u201eIch war beeindruckt von der Kompetenz und Freundlichkeit des Teams. Absolut empfehlenswert!\u201c<\/p>\n<p>[\/et_pb_text][et_pb_text _builder_version=&#8220;4.24.3&#8243; _module_preset=&#8220;2c55a9c4-feed-423b-9edb-ae0b5b365cac&#8220; hover_enabled=&#8220;0&#8243; locked=&#8220;off&#8220; global_colors_info=&#8220;{}&#8220;]<\/p>\n<p>Michael Schmidt<\/p>\n<p>[\/et_pb_text][\/et_pb_column][\/et_pb_row][\/et_pb_section][et_pb_section fb_built=&#8220;1&#8243; admin_label=&#8220;Social Media&#8220; _builder_version=&#8220;4.18.0&#8243; _module_preset=&#8220;default&#8220; hover_enabled=&#8220;0&#8243; template_type=&#8220;section&#8220; collapsed=&#8220;on&#8220; global_colors_info=&#8220;{}&#8220;][et_pb_row _builder_version=&#8220;4.18.0&#8243; _module_preset=&#8220;5138c454-be54-4233-bd3b-f8e6a8747976&#8243; hover_enabled=&#8220;0&#8243; locked=&#8220;off&#8220; global_colors_info=&#8220;{}&#8220;][et_pb_column type=&#8220;4_4&#8243; _builder_version=&#8220;4.18.0&#8243; _module_preset=&#8220;73121f80-a3ef-4484-8763-c3f18e3c56d2&#8243; hover_enabled=&#8220;0&#8243; global_colors_info=&#8220;{}&#8220;][et_pb_heading title=&#8220;Folgen Sie Uns&#8220; _builder_version=&#8220;4.24.3&#8243; _module_preset=&#8220;c33f07d9-41e0-421a-8799-5799df695cce&#8220; hover_enabled=&#8220;0&#8243; locked=&#8220;off&#8220; global_colors_info=&#8220;{}&#8220;][\/et_pb_heading][et_pb_social_media_follow _builder_version=&#8220;4.24.3&#8243; _module_preset=&#8220;7be8c617-29e2-41c9-9434-040d91366c53&#8243; hover_enabled=&#8220;0&#8243; global_colors_info=&#8220;{}&#8220;][et_pb_social_media_follow_network social_network=&#8220;facebook&#8220; _builder_version=&#8220;4.24.1&#8243; _module_preset=&#8220;default&#8220; background_color=&#8220;RGBA(255,255,255,0)&#8220; background_enable_color=&#8220;on&#8220; hover_enabled=&#8220;0&#8243;]facebook[\/et_pb_social_media_follow_network][et_pb_social_media_follow_network social_network=&#8220;twitter&#8220; _builder_version=&#8220;4.24.1&#8243; _module_preset=&#8220;default&#8220; background_color=&#8220;RGBA(255,255,255,0)&#8220; background_enable_color=&#8220;on&#8220; hover_enabled=&#8220;0&#8243;]X[\/et_pb_social_media_follow_network][et_pb_social_media_follow_network social_network=&#8220;youtube&#8220; _builder_version=&#8220;4.24.1&#8243; _module_preset=&#8220;default&#8220; background_color=&#8220;RGBA(255,255,255,0)&#8220; background_enable_color=&#8220;on&#8220; hover_enabled=&#8220;0&#8243;]youtube[\/et_pb_social_media_follow_network][et_pb_social_media_follow_network social_network=&#8220;instagram&#8220; _builder_version=&#8220;4.24.1&#8243; _module_preset=&#8220;default&#8220; background_color=&#8220;RGBA(255,255,255,0)&#8220; background_enable_color=&#8220;on&#8220; hover_enabled=&#8220;0&#8243;]instagram[\/et_pb_social_media_follow_network][\/et_pb_social_media_follow][\/et_pb_column][\/et_pb_row][\/et_pb_section][et_pb_section fb_built=&#8220;1&#8243; admin_label=&#8220;Frequently Asked Questions&#8220; _builder_version=&#8220;4.23.1&#8243; _module_preset=&#8220;default&#8220; hover_enabled=&#8220;0&#8243; locked=&#8220;off&#8220; template_type=&#8220;section&#8220; collapsed=&#8220;on&#8220; global_colors_info=&#8220;{}&#8220;][et_pb_row column_structure=&#8220;1_2,1_2&#8243; _builder_version=&#8220;4.17.6&#8243; _module_preset=&#8220;5138c454-be54-4233-bd3b-f8e6a8747976&#8243; hover_enabled=&#8220;0&#8243; global_colors_info=&#8220;{}&#8220;][et_pb_column type=&#8220;1_2&#8243; _builder_version=&#8220;4.16&#8243; _module_preset=&#8220;73121f80-a3ef-4484-8763-c3f18e3c56d2&#8243; hover_enabled=&#8220;0&#8243; global_colors_info=&#8220;{}&#8220;][et_pb_heading title=&#8220;H\u00e4ufig gestellte Fragen&#8220; _builder_version=&#8220;4.24.2&#8243; _module_preset=&#8220;c33f07d9-41e0-421a-8799-5799df695cce&#8220; hover_enabled=&#8220;0&#8243; locked=&#8220;off&#8220; global_colors_info=&#8220;{}&#8220;][\/et_pb_heading][et_pb_text _builder_version=&#8220;4.24.3&#8243; _module_preset=&#8220;2c55a9c4-feed-423b-9edb-ae0b5b365cac&#8220; hover_enabled=&#8220;0&#8243; locked=&#8220;off&#8220; global_colors_info=&#8220;{}&#8220;]<\/p>\n<p>Hier beantworten wir die h\u00e4ufigsten Fragen zu unseren Dienstleistungen und wie Sie uns erreichen k\u00f6nnen.<\/p>\n<p>[\/et_pb_text][et_pb_accordion _builder_version=&#8220;4.24.3&#8243; _module_preset=&#8220;73efbc9d-37bf-4f75-b3d8-498640ef079f&#8220; hover_enabled=&#8220;0&#8243; locked=&#8220;off&#8220; global_colors_info=&#8220;{%22gcid-36fd78a7-34bc-404d-873c-dafa34efaae5%22:%91%22quote_icon_color%22,%22icon_color%22,%22open_toggle_text_color%22%93,%22gcid-f2943306-fa6c-45f0-b632-5fc00151366a%22:%91%22icon_color%22,%22open_toggle_text_color%22%93,%22gcid-3e0ae39b-d026-4173-b444-0c785917aeff%22:%91%22body_text_color%22%93,%22gcid-828accbb-1ed2-407d-95be-20ab4e191566%22:%91%22border_color_all%22%93}&#8220;][et_pb_accordion_item title=&#8220;Welche Dienstleistungen bietet Hamburger Baumpflege an?&#8220; open=&#8220;on&#8220; _builder_version=&#8220;4.24.3&#8243; _module_preset=&#8220;550abe5c-b505-4d6b-adc7-570bd7cc1217&#8243; hover_enabled=&#8220;0&#8243; global_colors_info=&#8220;{}&#8220;]<\/p>\n<p>Wir bieten eine Vielzahl von Dienstleistungen an, darunter Baumpflege, Baumf\u00e4llung, Baumentsorgung, Baumgutachten und Seilklettertechnik.<\/p>\n<p>[\/et_pb_accordion_item][et_pb_accordion_item title=&#8220;Wie kann ich ein Angebot anfordern?&#8220; _builder_version=&#8220;4.21.0&#8243; _module_preset=&#8220;550abe5c-b505-4d6b-adc7-570bd7cc1217&#8243; hover_enabled=&#8220;0&#8243; global_colors_info=&#8220;{}&#8220;]<\/p>\n<p>Sie k\u00f6nnen uns telefonisch unter 040 64861752 kontaktieren oder eine E-Mail senden, um ein unverbindliches Angebot zu erhalten.<\/p>\n<p>[\/et_pb_accordion_item][et_pb_accordion_item title=&#8220;In welchem Gebiet sind Ihre Dienstleistungen verf\u00fcgbar?&#8220; _builder_version=&#8220;4.21.0&#8243; _module_preset=&#8220;550abe5c-b505-4d6b-adc7-570bd7cc1217&#8243; hover_enabled=&#8220;0&#8243; global_colors_info=&#8220;{}&#8220;]<\/p>\n<p>Unsere Dienstleistungen sind in Hamburg und den umliegenden Gebieten zwischen Henstedt-Ulzburg und Seevetal sowie Wedel und Geesthacht verf\u00fcgbar.<\/p>\n<p>[\/et_pb_accordion_item][\/et_pb_accordion][\/et_pb_column][et_pb_column type=&#8220;1_2&#8243; _builder_version=&#8220;4.16&#8243; _module_preset=&#8220;73121f80-a3ef-4484-8763-c3f18e3c56d2&#8243; hover_enabled=&#8220;0&#8243; global_colors_info=&#8220;{}&#8220;][et_pb_image src=&#8220;https:\/\/images.unsplash.com\/photo-1516205651411-aef33a44f7c2?ixid=M3w1ODkyNzF8MHwxfHNlYXJjaHw1fHx0cmVlJTIwbWFpbnRlbmFuY2UlMjB0b29sc3xlbnwwfDF8fHwxNzMzMTQyMTA0fDA&#038;ixlib=rb-4.0.3&#038;fm=webp&#038;fit=crop&#038;crop=entropy&#038;w=800&#038;h=1080&#038;q=20&#038;dpr=2&#8243; title_text=&#8220;800&#215;1080&#8243; _builder_version=&#8220;4.24.3&#8243; _module_preset=&#8220;6ed8fd5c-62c5-4100-98c3-7b8b6d2c2ee6&#8243; hover_enabled=&#8220;0&#8243; global_colors_info=&#8220;{}&#8220;][\/et_pb_image][\/et_pb_column][\/et_pb_row][\/et_pb_section]<\/p>\n","protected":false},"excerpt":{"rendered":"<p>Erfahren Sie mehr \u00fcber unsere umfassenden Dienstleistungen in der Baumpflege und wie wir Ihnen helfen k\u00f6nnen, Ihre B\u00e4ume gesund und sicher zu halten.040 64861752g.stapelfeld@hamburger-baumpflege.deG. Stapelfeld, Hamburger Baumpflege, 1234 Divi St. #1000, San Francisco, CA 94220Hamburger Baumpflege ist seit \u00fcber 20 Jahren ein f\u00fchrendes Unternehmen in der Baumpflegebranche. Wir bieten umfassende Dienstleistungen wie Baumf\u00e4llung, Baumpflege, Baumgutachten [&hellip;]<\/p>\n","protected":false},"author":1,"featured_media":0,"parent":0,"menu_order":0,"comment_status":"closed","ping_status":"closed","template":"","meta":{"_et_pb_use_builder":"on","_et_pb_old_content":"","_et_gb_content_width":"","footnotes":""},"class_list":["post-189","page","type-page","status-publish","hentry"],"_links":{"self":[{"href":"https:\/\/hamburgerbaumpflege.com\/index.php?rest_route=\/wp\/v2\/pages\/189","targetHints":{"allow":["GET"]}}],"collection":[{"href":"https:\/\/hamburgerbaumpflege.com\/index.php?rest_route=\/wp\/v2\/pages"}],"about":[{"href":"https:\/\/hamburgerbaumpflege.com\/index.php?rest_route=\/wp\/v2\/types\/page"}],"author":[{"embeddable":true,"href":"https:\/\/hamburgerbaumpflege.com\/index.php?rest_route=\/wp\/v2\/users\/1"}],"replies":[{"embeddable":true,"href":"https:\/\/hamburgerbaumpflege.com\/index.php?rest_route=%2Fwp%2Fv2%2Fcomments&post=189"}],"version-history":[{"count":1,"href":"https:\/\/hamburgerbaumpflege.com\/index.php?rest_route=\/wp\/v2\/pages\/189\/revisions"}],"predecessor-version":[{"id":201,"href":"https:\/\/hamburgerbaumpflege.com\/index.php?rest_route=\/wp\/v2\/pages\/189\/revisions\/201"}],"wp:attachment":[{"href":"https:\/\/hamburgerbaumpflege.com\/index.php?rest_route=%2Fwp%2Fv2%2Fmedia&parent=189"}],"curies":[{"name":"wp","href":"https:\/\/api.w.org\/{rel}","templated":true}]}}